{"id":315,"date":"2024-09-09T20:00:21","date_gmt":"2024-09-09T18:00:21","guid":{"rendered":"https:\/\/eniware-systems.com\/?page_id=315"},"modified":"2024-09-09T20:17:36","modified_gmt":"2024-09-09T18:17:36","slug":"about","status":"publish","type":"page","link":"https:\/\/eniware-systems.de\/de\/about\/","title":{"rendered":"\u00dcber uns"},"content":{"rendered":"<div class=\"n2_clear\"><ss3-force-full-width data-overflow-x=\"body\" data-horizontal-selector=\"body\"><div class=\"n2-section-smartslider fitvidsignore  n2_clear\" data-ssid=\"3\"><div id=\"n2-ss-3-align\" class=\"n2-ss-align\"><div class=\"n2-padding\"><div id=\"n2-ss-3\" data-creator=\"Smart Slider 3\" data-responsive=\"fullwidth\" class=\"n2-ss-slider n2-ow n2-has-hover n2notransition  \">\n        <div class=\"n2-ss-slider-1 n2-ow\">\n            <div class=\"n2-ss-slider-2 n2-ow\">\n                <div class=\"n2-ss-slide-backgrounds n2-ow-all\"><div class=\"n2-ss-slide-background\" data-public-id=\"1\" data-mode=\"fill\"><div class=\"n2-ss-slide-background-image\" data-blur=\"0\" data-opacity=\"100\" data-x=\"50\" data-y=\"89\" data-alt=\"\" data-title=\"\" style=\"--ss-o-pos-y:89%\"><picture class=\"skip-lazy\" data-skip-lazy=\"1\"><img decoding=\"async\" src=\"\/\/eniware-systems.com\/wp-content\/uploads\/2026\/01\/Banner-1.png\" alt=\"\" title=\"\" loading=\"lazy\" class=\"skip-lazy\" data-skip-lazy=\"1\"><\/picture><\/div><div data-color=\"RGBA(255,255,255,0)\" style=\"background-color: RGBA(255,255,255,0);\" class=\"n2-ss-slide-background-color\"><\/div><\/div><\/div>                <div class=\"n2-ss-slider-3 n2-ow\">\n                    <svg xmlns=\"http:\/\/www.w3.org\/2000\/svg\" viewBox=\"0 0 1275 476\" data-related-device=\"desktopPortrait\" class=\"n2-ow n2-ss-preserve-size n2-ss-preserve-size--slider n2-ss-slide-limiter\"><\/svg><div data-first=\"1\" data-slide-duration=\"0\" data-id=\"11\" data-slide-public-id=\"1\" data-title=\"5355062660737131134\" class=\"n2-ss-slide n2-ow  n2-ss-slide-11\"><div role=\"note\" class=\"n2-ss-slide--focus\" tabindex=\"-1\">5355062660737131134<\/div><div class=\"n2-ss-layers-container n2-ss-slide-limiter n2-ow\"><div class=\"n2-ss-layer n2-ow n-uc-eleWFrdEfsnP\" data-sstype=\"slide\" data-pm=\"default\"><div class=\"n2-ss-layer n2-ow n-uc-vnwMbPTOPwaf\" data-pm=\"default\" data-sstype=\"content\" data-hasbackground=\"0\"><div class=\"n2-ss-section-main-content n2-ss-layer-with-background n2-ss-layer-content n2-ow n-uc-vnwMbPTOPwaf-inner\"><div class=\"n2-ss-layer n2-ow n-uc-bFL9Sw5rnE9F\" data-pm=\"normal\" data-sstype=\"layer\"><div class=\"n2-ss-item-content n2-ss-text n2-ow-all\"><div class=\"\"><\/div><\/div><\/div><div class=\"n2-ss-layer n2-ow n2-ss-layer--block n2-ss-has-self-align n-uc-1bd74a138b95c\" data-pm=\"normal\" data-sstype=\"row\"><div class=\"n2-ss-layer-row n2-ss-layer-with-background n-uc-1bd74a138b95c-inner\"><div class=\"n2-ss-layer-row-inner \"><div class=\"n2-ss-layer n2-ow n-uc-145e74421d77b\" data-pm=\"default\" data-sstype=\"col\"><div class=\"n2-ss-layer-col n2-ss-layer-with-background n2-ss-layer-content n-uc-145e74421d77b-inner\"><\/div><\/div><div class=\"n2-ss-layer n2-ow n-uc-1274c840af540\" data-pm=\"default\" data-sstype=\"col\"><div class=\"n2-ss-layer-col n2-ss-layer-with-background n2-ss-layer-content n-uc-1274c840af540-inner\"><\/div><\/div><\/div><\/div><\/div><div class=\"n2-ss-layer n2-ow n-uc-6OwuKAB5s5rz\" data-pm=\"normal\" data-sstype=\"layer\"><div class=\" n2-ss-item-image-content n2-ss-item-content n2-ow-all\"><img decoding=\"async\" id=\"n2-ss-3item2\" alt=\"\" class=\"skip-lazy\" style=\"width:1000px;height:auto\" data-skip-lazy=\"1\" src=\"\/\/eniware-systems.com\/wp-content\/uploads\/2026\/01\/eniware_logo.svg\" \/><\/div><\/div><div class=\"n2-ss-layer n2-ow n2-ss-layer--block n2-ss-has-self-align n-uc-1d20aa0cff8e7\" data-pm=\"normal\" data-sstype=\"row\"><div class=\"n2-ss-layer-row n2-ss-layer-with-background n-uc-1d20aa0cff8e7-inner\"><div class=\"n2-ss-layer-row-inner \"><div class=\"n2-ss-layer n2-ow n-uc-177c32d792e7f\" data-pm=\"default\" data-hidemobileportrait=\"1\" data-sstype=\"col\"><div class=\"n2-ss-layer-col n2-ss-layer-with-background n2-ss-layer-content n-uc-177c32d792e7f-inner\"><div class=\"n2-ss-layer n2-ow n2-ss-layer--block n2-ss-has-self-align n-uc-12bb807a83b9e\" data-pm=\"normal\" data-sstype=\"row\"><div class=\"n2-ss-layer-row n2-ss-layer-with-background n-uc-12bb807a83b9e-inner\"><div class=\"n2-ss-layer-row-inner \"><div class=\"n2-ss-layer n2-ow n-uc-16c52121528cf\" data-pm=\"default\" data-sstype=\"col\"><div class=\"n2-ss-layer-col n2-ss-layer-with-background n2-ss-layer-content n-uc-16c52121528cf-inner\"><\/div><\/div><div class=\"n2-ss-layer n2-ow n-uc-18ff665379de7\" data-pm=\"default\" data-sstype=\"col\"><div class=\"n2-ss-layer-col n2-ss-layer-with-background n2-ss-layer-content n-uc-18ff665379de7-inner\"><\/div><\/div><\/div><\/div><\/div><\/div><\/div><div class=\"n2-ss-layer n2-ow n-uc-134dde385fb41\" data-pm=\"default\" data-hidemobileportrait=\"1\" data-sstype=\"col\"><div class=\"n2-ss-layer-col n2-ss-layer-with-background n2-ss-layer-content n-uc-134dde385fb41-inner\"><\/div><\/div><\/div><\/div><\/div><div class=\"n2-ss-layer n2-ow n2-ss-layer--block n2-ss-has-self-align n-uc-1a5c0ce955b2f\" data-pm=\"normal\" data-sstype=\"row\"><div class=\"n2-ss-layer-row n2-ss-layer-with-background n-uc-1a5c0ce955b2f-inner\"><div class=\"n2-ss-layer-row-inner \"><div class=\"n2-ss-layer n2-ow n-uc-122fb5e21d72d\" data-pm=\"default\" data-sstype=\"col\"><div class=\"n2-ss-layer-col n2-ss-layer-with-background n2-ss-layer-content n-uc-122fb5e21d72d-inner\"><\/div><\/div><div class=\"n2-ss-layer n2-ow n-uc-144b488fdd2e1\" data-pm=\"default\" data-sstype=\"col\"><div class=\"n2-ss-layer-col n2-ss-layer-with-background n2-ss-layer-content n-uc-144b488fdd2e1-inner\"><div class=\"n2-ss-layer n2-ow n-uc-7DeuPnr3m870\" data-pm=\"normal\" data-sstype=\"layer\"><div class=\"n2-ss-item-content n2-ss-text n2-ow-all\"><div class=\"\"><p class=\"n2-font-e1257ecb00755e44017084c5f24c3d12-paragraph  n2-style-b35834208f56f667ace2a5559dad8be2-heading  \">unk\u00fcnstliche Intelligenz.<\/p>\n<\/div><\/div><\/div><div class=\"n2-ss-layer n2-ow n-uc-xbDzWnrTktPu\" data-pm=\"normal\" data-sstype=\"layer\"><div class=\"n2-ss-item-content n2-ss-text n2-ow-all\"><div class=\"\"><p class=\"n2-font-5fcb60274ae77c5a587b0e5f4706e8d3-paragraph  n2-style-b35834208f56f667ace2a5559dad8be2-heading  \">echte L\u00f6sungen f\u00fcr alle Herausforderungen.<\/p>\n<\/div><\/div><\/div><\/div><\/div><div class=\"n2-ss-layer n2-ow n-uc-1b5248ad30805\" data-pm=\"default\" data-sstype=\"col\"><div class=\"n2-ss-layer-col n2-ss-layer-with-background n2-ss-layer-content n-uc-1b5248ad30805-inner\"><\/div><\/div><\/div><\/div><\/div><\/div><\/div><\/div><\/div><\/div>                <\/div>\n                            <\/div>\n        <\/div>\n        <\/div><ss3-loader><\/ss3-loader><\/div><\/div><div class=\"n2_clear\"><\/div><\/div><\/ss3-force-full-width><\/div>\n\n<div class=\"wp-block-template-part\">\n<hr class=\"wp-block-separator has-alpha-channel-opacity is-style-wide\" style=\"height:2px;margin-top:0;margin-bottom:var(--wp--preset--spacing--10)\"\/>\n\n\n\n<p><\/p>\n<\/div>\n\n\n<div class=\"wp-block-group alignfull has-global-padding is-layout-constrained wp-container-core-group-is-layout-2 wp-block-group-is-layout-constrained\" style=\"padding-top:0;padding-right:var(--wp--preset--spacing--50);padding-bottom:0;padding-left:var(--wp--preset--spacing--50)\">\n<div class=\"wp-block-group has-global-padding is-layout-constrained wp-container-core-group-is-layout-1 wp-block-group-is-layout-constrained\" style=\"margin-top:var(--wp--preset--spacing--40);margin-bottom:var(--wp--preset--spacing--40)\">\n<h1 class=\"wp-block-heading alignwide has-text-align-center\" id=\"\u00fcber-uns\" style=\"font-size:clamp(29.768px, 1.861rem + ((1vw - 3.2px) * 2.316), 52px);\">\u00dcber uns<\/h1>\n<\/div>\n\n\n\n<hr class=\"wp-block-separator has-alpha-channel-opacity\"\/>\n<\/div>\n\n\n\n<div class=\"wp-block-group alignfull has-global-padding is-layout-constrained wp-container-core-group-is-layout-7 wp-block-group-is-layout-constrained\" style=\"margin-top:0;margin-bottom:0;padding-top:var(--wp--preset--spacing--20);padding-right:var(--wp--preset--spacing--50);padding-bottom:var(--wp--preset--spacing--20);padding-left:var(--wp--preset--spacing--50)\">\n<div class=\"wp-block-group alignwide has-global-padding is-layout-constrained wp-container-core-group-is-layout-6 wp-block-group-is-layout-constrained\">\n<div class=\"wp-block-group alignwide tw-shadow has-global-padding is-layout-constrained wp-container-core-group-is-layout-3 wp-block-group-is-layout-constrained tw-block-animation tw-animation-fade-in-up\" id=\"technologische-sicherheit\" style=\"border-radius:15px;padding-top:var(--wp--preset--spacing--20);padding-right:var(--wp--preset--spacing--20);padding-bottom:var(--wp--preset--spacing--20);padding-left:var(--wp--preset--spacing--20)\">\n<div class=\"wp-block-columns alignwide are-vertically-aligned-center is-layout-flex wp-container-core-columns-is-layout-1 wp-block-columns-is-layout-flex\">\n<div class=\"wp-block-column is-vertically-aligned-center is-layout-flow wp-block-column-is-layout-flow\" style=\"--col-width:50%;flex-basis:50%\">\n<h3 class=\"wp-block-heading is-style-default\" style=\"font-size:clamp(18px, 1.125rem + ((1vw - 3.2px) * 0.625), 24px);\">Technologische Sicherheit<\/h3>\n\n\n\n<p style=\"font-size:16px;line-height:1.8\">Technologische Innovation und Datensouver\u00e4nit\u00e4t sind bei uns untrennbar miteinander verbunden. W\u00e4hrend wir uns stets an den neuesten Technologien wie Cloud-Strukturen und AI-Systemen orientieren, liegt unser Hauptaugenmerk auf der Datensicherheit und Unabh\u00e4ngigkeit unserer Kunden. <\/p>\n\n\n\n<p style=\"font-size:16px;line-height:1.8\">Unsere Philosophie der Selbstverwaltung und der konsequente Einsatz von Open-Source-L\u00f6sungen gew\u00e4hrleisten, dass Ihre kritischen Gesch\u00e4ftsprozesse nicht nur optimiert, sondern auch so sicher und unabh\u00e4ngig wie m\u00f6glich gestaltet werden. Diese \u00dcberzeugung ist tief in unserer Arbeitsweise verankert, was Ihnen die Sicherheit gibt, dass Ihre Daten in Ihren H\u00e4nden bleiben und Ihre IT-Infrastruktur flexibel und kosteneffizient bleibt. Bei uns haben Sie einen Partner, der nicht nur technisch versiert ist, sondern auch Ihre Anforderungen an Sicherheit und Unabh\u00e4ngigkeit ernst nimmt.<\/p>\n<\/div>\n\n\n\n<div class=\"wp-block-column is-vertically-aligned-center is-style-default is-layout-flow wp-block-column-is-layout-flow\" style=\"--col-width:50%;flex-basis:50%\">\n<div style=\"height:26px\" aria-hidden=\"true\" class=\"wp-block-spacer\"><\/div>\n\n\n\n<figure class=\"wp-block-image size-full is-resized is-style-rounded is-style-rounded--8a11c4f13db866abdba5c0c9cc1f0d7a\"><img loading=\"lazy\" decoding=\"async\" width=\"800\" height=\"1200\" src=\"https:\/\/eniware-systems.com\/wp-content\/uploads\/2024\/09\/unsplash_gXwJ8rr0R88.png\" alt=\"\" class=\"wp-image-338\" style=\"object-fit:cover;width:530px;height:400px\" srcset=\"https:\/\/eniware-systems.de\/wp-content\/uploads\/2024\/09\/unsplash_gXwJ8rr0R88.png 800w, https:\/\/eniware-systems.de\/wp-content\/uploads\/2024\/09\/unsplash_gXwJ8rr0R88-200x300.png 200w, https:\/\/eniware-systems.de\/wp-content\/uploads\/2024\/09\/unsplash_gXwJ8rr0R88-683x1024.png 683w, https:\/\/eniware-systems.de\/wp-content\/uploads\/2024\/09\/unsplash_gXwJ8rr0R88-768x1152.png 768w, https:\/\/eniware-systems.de\/wp-content\/uploads\/2024\/09\/unsplash_gXwJ8rr0R88-8x12.png 8w\" sizes=\"(max-width: 800px) 100vw, 800px\" \/><\/figure>\n<\/div>\n<\/div>\n<\/div>\n\n\n\n<div style=\"height:56px\" aria-hidden=\"true\" class=\"wp-block-spacer\"><\/div>\n\n\n\n<hr class=\"wp-block-separator has-alpha-channel-opacity\"\/>\n\n\n\n<div style=\"height:56px\" aria-hidden=\"true\" class=\"wp-block-spacer\"><\/div>\n\n\n\n<div class=\"wp-block-group alignwide tw-shadow has-global-padding is-layout-constrained wp-container-core-group-is-layout-4 wp-block-group-is-layout-constrained tw-block-animation tw-animation-fade-in-up\" id=\"open-source\" style=\"border-radius:15px;padding-top:var(--wp--preset--spacing--20);padding-right:var(--wp--preset--spacing--20);padding-bottom:var(--wp--preset--spacing--20);padding-left:var(--wp--preset--spacing--20)\">\n<div class=\"wp-block-columns alignwide are-vertically-aligned-center is-layout-flex wp-container-core-columns-is-layout-2 wp-block-columns-is-layout-flex\">\n<div class=\"wp-block-column is-vertically-aligned-center is-layout-flow wp-block-column-is-layout-flow\" style=\"--col-width:50%;flex-basis:50%\">\n<div style=\"height:25px\" aria-hidden=\"true\" class=\"wp-block-spacer\"><\/div>\n\n\n\n<figure class=\"wp-block-image aligncenter size-large is-resized is-style-rounded is-style-rounded--994cf102115e12a125331345e3fd461a\"><img loading=\"lazy\" decoding=\"async\" width=\"1024\" height=\"683\" src=\"https:\/\/eniware-systems.com\/wp-content\/uploads\/2024\/09\/unsplash_uZkHtWsi2dE-1024x683.png\" alt=\"\" class=\"wp-image-340\" style=\"object-fit:cover;width:530px;height:380px\" srcset=\"https:\/\/eniware-systems.de\/wp-content\/uploads\/2024\/09\/unsplash_uZkHtWsi2dE-1024x683.png 1024w, https:\/\/eniware-systems.de\/wp-content\/uploads\/2024\/09\/unsplash_uZkHtWsi2dE-300x200.png 300w, https:\/\/eniware-systems.de\/wp-content\/uploads\/2024\/09\/unsplash_uZkHtWsi2dE-768x512.png 768w, https:\/\/eniware-systems.de\/wp-content\/uploads\/2024\/09\/unsplash_uZkHtWsi2dE-18x12.png 18w, https:\/\/eniware-systems.de\/wp-content\/uploads\/2024\/09\/unsplash_uZkHtWsi2dE.png 1200w\" sizes=\"(max-width: 1024px) 100vw, 1024px\" \/><\/figure>\n<\/div>\n\n\n\n<div class=\"wp-block-column is-vertically-aligned-center is-layout-flow wp-block-column-is-layout-flow\" style=\"--col-width:50%;flex-basis:50%\">\n<h3 class=\"wp-block-heading is-style-default\" style=\"font-size:clamp(18px, 1.125rem + ((1vw - 3.2px) * 0.833), 26px);\">Open Source<\/h3>\n\n\n\n<p style=\"font-size:16px;line-height:1.8\">Open Source ist f\u00fcr uns mehr als nur eine Technologie \u2013 es ist eine Philosophie, die uns antreibt. Wir bei Eniware Systems glauben an die Freiheit, die durch Open-Source-L\u00f6sungen erm\u00f6glicht wird, und tragen aktiv zur Weiterentwicklung der Open-Source-Community bei. <\/p>\n\n\n\n<p style=\"font-size:16px;line-height:1.8\">Durch unsere Arbeit mit und in Open-Source-Projekten k\u00f6nnen wir unseren Kunden zukunftssichere, kosteneffiziente und flexible L\u00f6sungen anbieten, die nicht nur ihre aktuellen Bed\u00fcrfnisse erf\u00fcllen, sondern auch Raum f\u00fcr Wachstum und Anpassung bieten. <\/p>\n\n\n\n<p style=\"font-size:16px;line-height:1.8\">Unsere Kunden profitieren von unserem tiefen Verst\u00e4ndnis und unserer F\u00e4higkeit, die besten Open-Source-Technologien zu implementieren und gleichzeitig maximale Unabh\u00e4ngigkeit und Datensouver\u00e4nit\u00e4t zu gew\u00e4hrleisten.<\/p>\n<\/div>\n<\/div>\n<\/div>\n\n\n\n<div style=\"height:58px\" aria-hidden=\"true\" class=\"wp-block-spacer\"><\/div>\n\n\n\n<hr class=\"wp-block-separator has-alpha-channel-opacity\"\/>\n\n\n\n<div style=\"height:58px\" aria-hidden=\"true\" class=\"wp-block-spacer\"><\/div>\n\n\n\n<div class=\"wp-block-group alignwide has-base-background-color has-background tw-shadow has-global-padding is-layout-constrained wp-container-core-group-is-layout-5 wp-block-group-is-layout-constrained tw-block-animation tw-animation-fade-in-up\" id=\"cross-platform-entwicklung\" style=\"border-radius:15px;padding-top:var(--wp--preset--spacing--20);padding-right:var(--wp--preset--spacing--20);padding-bottom:var(--wp--preset--spacing--20);padding-left:var(--wp--preset--spacing--20)\">\n<div class=\"wp-block-columns alignwide are-vertically-aligned-center is-layout-flex wp-container-core-columns-is-layout-3 wp-block-columns-is-layout-flex\">\n<div class=\"wp-block-column is-vertically-aligned-center is-layout-flow wp-block-column-is-layout-flow\" style=\"--col-width:50%;flex-basis:50%\">\n<h3 class=\"wp-block-heading is-style-default\" style=\"font-size:clamp(18px, 1.125rem + ((1vw - 3.2px) * 0.625), 24px);\">Cross-Platform Entwicklung<\/h3>\n\n\n\n<p style=\"font-size:16px;line-height:1.8\">Flutter ist f\u00fcr uns nicht nur ein Werkzeug, sondern ein zentraler Bestandteil unserer DNA. <\/p>\n\n\n\n<p style=\"font-size:16px;line-height:1.8\">Als Early Adopters haben wir fr\u00fch das Potenzial von Flutter erkannt und es als Grundlage f\u00fcr zukunftssichere, plattform\u00fcbergreifende Anwendungen etabliert. Unsere Expertise erm\u00f6glicht es uns, leistungsstarke Apps zu schaffen, die auf Mobilger\u00e4ten, Desktops und im Web \u00fcberzeugen.<br>Wir engagieren uns aktiv in der Flutter-Community, tragen zur Weiterentwicklung des Frameworks bei und teilen unser Wissen. <\/p>\n\n\n\n<p style=\"font-size:16px;line-height:1.8\">Unsere Kunden profitieren direkt von unserer technischen Kompetenz und den Innovationen, die wir kontinuierlich in ihre Projekte integrieren \u2013 stets unter Ber\u00fccksichtigung der besten Praktiken und neuesten Entwicklungen.<\/p>\n<\/div>\n\n\n\n<div class=\"wp-block-column is-vertically-aligned-center is-style-default is-layout-flow wp-block-column-is-layout-flow\" style=\"--col-width:50%;flex-basis:50%\">\n<div style=\"height:23px\" aria-hidden=\"true\" class=\"wp-block-spacer\"><\/div>\n\n\n\n<figure class=\"wp-block-image alignright size-large is-resized is-style-rounded is-style-rounded--29aac3d3724479fbf495738d3a4a593b\"><img loading=\"lazy\" decoding=\"async\" width=\"1024\" height=\"768\" src=\"https:\/\/eniware-systems.com\/wp-content\/uploads\/2024\/09\/unsplash_w7ZyuGYNpRQ-1024x768.png\" alt=\"\" class=\"wp-image-357\" style=\"object-fit:cover;width:530px;height:400px\" srcset=\"https:\/\/eniware-systems.de\/wp-content\/uploads\/2024\/09\/unsplash_w7ZyuGYNpRQ-1024x768.png 1024w, https:\/\/eniware-systems.de\/wp-content\/uploads\/2024\/09\/unsplash_w7ZyuGYNpRQ-300x225.png 300w, https:\/\/eniware-systems.de\/wp-content\/uploads\/2024\/09\/unsplash_w7ZyuGYNpRQ-768x576.png 768w, https:\/\/eniware-systems.de\/wp-content\/uploads\/2024\/09\/unsplash_w7ZyuGYNpRQ-16x12.png 16w, https:\/\/eniware-systems.de\/wp-content\/uploads\/2024\/09\/unsplash_w7ZyuGYNpRQ.png 1201w\" sizes=\"(max-width: 1024px) 100vw, 1024px\" \/><\/figure>\n<\/div>\n<\/div>\n<\/div>\n<\/div>\n<\/div>\n\n\n\n<div style=\"height:var(--wp--preset--spacing--30)\" aria-hidden=\"true\" class=\"wp-block-spacer\"><\/div>\n","protected":false},"excerpt":{"rendered":"<p>\u00dcber uns Technologische Sicherheit Technologische Innovation und Datensouver\u00e4nit\u00e4t sind bei uns untrennbar miteinander verbunden. W\u00e4hrend wir uns stets an den neuesten Technologien wie Cloud-Strukturen und AI-Systemen orientieren, liegt unser Hauptaugenmerk auf der Datensicherheit und Unabh\u00e4ngigkeit unserer Kunden. Unsere Philosophie der Selbstverwaltung und der konsequente Einsatz von Open-Source-L\u00f6sungen gew\u00e4hrleisten, dass Ihre kritischen Gesch\u00e4ftsprozesse nicht nur optimiert, [&hellip;]<\/p>\n","protected":false},"author":3,"featured_media":0,"parent":0,"menu_order":0,"comment_status":"closed","ping_status":"closed","template":"","meta":{"inline_featured_image":false,"footnotes":""},"class_list":["post-315","page","type-page","status-publish","hentry"],"_links":{"self":[{"href":"https:\/\/eniware-systems.de\/de\/wp-json\/wp\/v2\/pages\/315"}],"collection":[{"href":"https:\/\/eniware-systems.de\/de\/wp-json\/wp\/v2\/pages"}],"about":[{"href":"https:\/\/eniware-systems.de\/de\/wp-json\/wp\/v2\/types\/page"}],"author":[{"embeddable":true,"href":"https:\/\/eniware-systems.de\/de\/wp-json\/wp\/v2\/users\/3"}],"replies":[{"embeddable":true,"href":"https:\/\/eniware-systems.de\/de\/wp-json\/wp\/v2\/comments?post=315"}],"version-history":[{"count":11,"href":"https:\/\/eniware-systems.de\/de\/wp-json\/wp\/v2\/pages\/315\/revisions"}],"predecessor-version":[{"id":461,"href":"https:\/\/eniware-systems.de\/de\/wp-json\/wp\/v2\/pages\/315\/revisions\/461"}],"wp:attachment":[{"href":"https:\/\/eniware-systems.de\/de\/wp-json\/wp\/v2\/media?parent=315"}],"curies":[{"name":"wp","href":"https:\/\/api.w.org\/{rel}","templated":true}]}}